{"id":39,"date":"2023-08-19T15:49:16","date_gmt":"2023-08-19T13:49:16","guid":{"rendered":"https:\/\/patch.grafikundmehr.at\/?page_id=39"},"modified":"2024-01-08T21:25:25","modified_gmt":"2024-01-08T20:25:25","slug":"impressum","status":"publish","type":"page","link":"https:\/\/www.patchesundmehr.at\/?page_id=39","title":{"rendered":"Impressum"},"content":{"rendered":"<p>grafikundmehr.at \u2013 Stefan Tucek (Inhaber)<\/p>\n<p>Dorfstr. 24, A-2286 Haringsee<br \/>\n+43-664-4436202<br \/>\noffice@grafikundmehr.at<\/p>\n<p>Gewerbe: Werbeagentur \u2013 Gewerbeart: Freies Gewerbe<br \/>\nEntstehung: 1.10.2016<\/p>\n<p>DATENSCHUTZERKL\u00c4RUNG<\/p>\n<p>Die durch die Website grafikundmehr.at durchgef\u00fchrte \u00dcbermittlung von personenbezogene Daten mittels Formularen, erfolgt auf freiwilliger Basis. Die \u00fcbermittelten Daten werden nur f\u00fcr interne Zwecke verwendet und ohne Ihre ausdr\u00fcckliche Zustimmung nicht an Dritte weitergegeben.<\/p>\n<p>GOOGLE ANALYTICS<\/p>\n<p>Diese Website benutzt Google Analytics, einen Webanalysedienst der Google Inc. (\u201eGoogle\u201c). Google Analytics verwendet sog. \u201eCookies\u201c, Textdateien, die auf Ihrem Computer gespeichert werden und die eine Analyse der Benutzung der Website durch Sie erm\u00f6glichen. Die durch den Cookie erzeugten Informationen \u00fcber Ihre Benutzung dieser Website (einschlie\u00dflich Ihrer IP-Adresse) wird an einen Server von Google in den USA \u00fcbertragen und dort gespeichert. Google wird diese Informationen benutzen, um Ihre Nutzung der Website auszuwerten, um Reports \u00fcber die Websiteaktivit\u00e4ten f\u00fcr die Websitebetreiber zusammenzustellen und um weitere mit der Websitenutzung und der Internetnutzung verbundene Dienstleistungen zu erbringen. Auch wird Google diese Informationen gegebenenfalls an Dritte \u00fcbertragen, sofern dies gesetzlich vorgeschrieben oder soweit Dritte diese Daten im Auftrag von Google verarbeiten. Google wird in keinem Fall Ihre IP-Adresse mit anderen Daten von Google in Verbindung bringen. Sie k\u00f6nnen die Installation der Cookies durch eine entsprechende Einstellung Ihrer Browser Software verhindern; wir weisen Sie jedoch darauf hin, dass Sie in diesem Fall gegebenenfalls nicht s\u00e4mtliche Funktionen dieser Website vollumf\u00e4nglich nutzen k\u00f6nnen. Durch die Nutzung dieser Website erkl\u00e4ren Sie sich mit der Bearbeitung der \u00fcber Sie erhobenen Daten durch Google in der zuvor beschriebenen Art und Weise und zu dem zuvor benannten Zweck einverstanden. Der Datenerhebung und -speicherung kann jederzeit mit Wirkung f\u00fcr die Zukunft widersprochen werden.<\/p>\n","protected":false},"excerpt":{"rendered":"<p>grafikundmehr.at \u2013 Stefan Tucek (Inhaber) Dorfstr. 24, A-2286 Haringsee +43-664-4436202 office@grafikundmehr.at Gewerbe: Werbeagentur \u2013 Gewerbeart: Freies Gewerbe Entstehung: 1.10.2016 DATENSCHUTZERKL\u00c4RUNG Die durch die Website grafikundmehr.at durchgef\u00fchrte \u00dcbermittlung von personenbezogene Daten mittels Formularen, erfolgt auf freiwilliger Basis. Die \u00fcbermittelten Daten werden nur f\u00fcr interne Zwecke verwendet und ohne Ihre ausdr\u00fcckliche Zustimmung nicht an Dritte weitergegeben. GOOGLE [&hellip;]<\/p>\n","protected":false},"author":1,"featured_media":0,"parent":0,"menu_order":0,"comment_status":"closed","ping_status":"closed","template":"","meta":{"footnotes":""},"class_list":["post-39","page","type-page","status-publish","hentry"],"jetpack_sharing_enabled":true,"_links":{"self":[{"href":"https:\/\/www.patchesundmehr.at\/index.php?rest_route=\/wp\/v2\/pages\/39","targetHints":{"allow":["GET"]}}],"collection":[{"href":"https:\/\/www.patchesundmehr.at\/index.php?rest_route=\/wp\/v2\/pages"}],"about":[{"href":"https:\/\/www.patchesundmehr.at\/index.php?rest_route=\/wp\/v2\/types\/page"}],"author":[{"embeddable":true,"href":"https:\/\/www.patchesundmehr.at\/index.php?rest_route=\/wp\/v2\/users\/1"}],"replies":[{"embeddable":true,"href":"https:\/\/www.patchesundmehr.at\/index.php?rest_route=%2Fwp%2Fv2%2Fcomments&post=39"}],"version-history":[{"count":2,"href":"https:\/\/www.patchesundmehr.at\/index.php?rest_route=\/wp\/v2\/pages\/39\/revisions"}],"predecessor-version":[{"id":120,"href":"https:\/\/www.patchesundmehr.at\/index.php?rest_route=\/wp\/v2\/pages\/39\/revisions\/120"}],"wp:attachment":[{"href":"https:\/\/www.patchesundmehr.at\/index.php?rest_route=%2Fwp%2Fv2%2Fmedia&parent=39"}],"curies":[{"name":"wp","href":"https:\/\/api.w.org\/{rel}","templated":true}]}}