{"id":78,"date":"2024-01-08T14:03:23","date_gmt":"2024-01-08T13:03:23","guid":{"rendered":"https:\/\/patch.grafikundmehr.at\/?post_type=product&#038;p=78"},"modified":"2024-02-05T12:35:09","modified_gmt":"2024-02-05T11:35:09","slug":"patch-fuer-freiwillige-feuerwehren-mit-korps-abzeichen","status":"publish","type":"product","link":"https:\/\/www.patchesundmehr.at\/?product=patch-fuer-freiwillige-feuerwehren-mit-korps-abzeichen","title":{"rendered":"Patch f\u00fcr freiwillige Feuerwehren mit Korps-Abzeichen"},"content":{"rendered":"","protected":false},"excerpt":{"rendered":"<p>Feuerwehr-Patch mit eigenem Logo\/Wappen und Ortsnamen<br \/>\nWeichgummi-Abzeichen in 3d-Ausf\u00fchrung mit N\u00e4hkanal und Klettr\u00fccken (Hakenband)<br \/>\n80x60mm<\/p>\n<p>Nach der Bestellung wir eine Freigabezeichnung \u00fcbermittelt. Nach der Freigabe sowie der Freigabe durch den Landesfeuerwehrverband (Farbe, Form, Design) wird die Produktion und Lieferung ca. 4 &#8211; 6 Wochen in Anspruch nehmen.<\/p>\n","protected":false},"featured_media":68,"template":"","meta":[],"product_cat":[36],"product_tag":[],"class_list":{"0":"post-78","1":"product","2":"type-product","3":"status-publish","4":"has-post-thumbnail","6":"product_cat-weichgummi-patches","8":"first","9":"instock","10":"taxable","11":"shipping-taxable","12":"purchasable","13":"product-type-variable"},"jetpack_sharing_enabled":true,"_links":{"self":[{"href":"https:\/\/www.patchesundmehr.at\/index.php?rest_route=\/wp\/v2\/product\/78","targetHints":{"allow":["GET"]}}],"collection":[{"href":"https:\/\/www.patchesundmehr.at\/index.php?rest_route=\/wp\/v2\/product"}],"about":[{"href":"https:\/\/www.patchesundmehr.at\/index.php?rest_route=\/wp\/v2\/types\/product"}],"wp:featuredmedia":[{"embeddable":true,"href":"https:\/\/www.patchesundmehr.at\/index.php?rest_route=\/wp\/v2\/media\/68"}],"wp:attachment":[{"href":"https:\/\/www.patchesundmehr.at\/index.php?rest_route=%2Fwp%2Fv2%2Fmedia&parent=78"}],"wp:term":[{"taxonomy":"product_cat","embeddable":true,"href":"https:\/\/www.patchesundmehr.at\/index.php?rest_route=%2Fwp%2Fv2%2Fproduct_cat&post=78"},{"taxonomy":"product_tag","embeddable":true,"href":"https:\/\/www.patchesundmehr.at\/index.php?rest_route=%2Fwp%2Fv2%2Fproduct_tag&post=78"}],"curies":[{"name":"wp","href":"https:\/\/api.w.org\/{rel}","templated":true}]}}